{"id":6,"date":"2015-11-10T11:09:17","date_gmt":"2015-11-10T11:09:17","guid":{"rendered":"http:\/\/localhost\/onl\/?page_id=6"},"modified":"2026-01-15T16:30:30","modified_gmt":"2026-01-15T14:30:30","slug":"hakuohjeet","status":"publish","type":"page","link":"https:\/\/teologiaaopiskelemaan.fi\/index.php\/hakuohjeet\/","title":{"rendered":"Hakuohjeet"},"content":{"rendered":"<div class=\"centerbox\">\n<h2>Miten haet opiskelemaan?<\/h2>\n<h3>Kolme hakutapaa<\/h3>\n<p>P\u00e4\u00e4haku ortodoksisen teologian opintoihin (kandidaatin ja maisterin opinnot) j\u00e4rjestet\u00e4\u00e4n korkeakoulujen toisessa yhteishaussa <strong>parittomina vuosina<\/strong>, seuraavan kerran kev\u00e4\u00e4ll\u00e4 2027. Hakeminen tapahtuu <strong>ylioppilastodistuksen<\/strong>, <strong>valintakokeen<\/strong> tai <strong>aiempien opintojen<\/strong> pohjalta. <strong>Parillisina vuosina,<\/strong> eli seuraavan kerran 10.3.\u201324.3.2026, haku on auki vain <strong>aiempien opintojen<\/strong> perusteella ja on tarjolla vain teologin ja kirkkomusiikin suuntautumisvaihtoehdoissa.<\/p>\n<p style=\"font-weight: 400;\">Suomalaisen ylioppilastutkinnon tai esimerkiksi eurooppalaisen ylioppilastutkinnon (EB) suorittaneet voivat hakea <strong>todistusvalinnan<\/strong> kautta, jolloin valintaperusteina ovat tietyt tutkintotodistuksen arvosanat (\u00e4idinkieli, ortodoksinen uskonto, kolme [muuta] parasta ainetta). Tarkemmat tiedot hakukelpoisuuden antavista tutkinnoista ja todistusvalinnassa painotetuista arvosanoista l\u00f6ytyv\u00e4t Opintopolku-palvelusta. Hakukohteina ovat <strong>kaikki kolme suuntautumisvaihtoehtoa<\/strong>. Jos sinulla on ylioppilastodistus tai sit\u00e4 vastaava tutkinto, todistuksen arvosanat otetaan automaattisesti huomioon hakuprosessissa. Todistusvalinnan tulokset julkaistaan Oma Opintopolku -palvelussa loppukev\u00e4\u00e4ll\u00e4.<\/p>\n<p style=\"font-weight: 400;\">Toisena vaihtoehtona on <a href=\"https:\/\/yliopistovalinnat.fi\/valintakokeet\/valintakoe-h\" target=\"_blank\" rel=\"noopener\">valtakunnallinen <strong>valintakoe<\/strong><\/a>. Hakukohteen valintakoe H koostuu useammalle alalle yhteisest\u00e4 osiosta sek\u00e4 teologian eriytyv\u00e4st\u00e4 osiosta. Valintaperusteet l\u00f6ytyv\u00e4t Opintopolku-palvelusta. Koe j\u00e4rjestet\u00e4\u00e4n todistusvalinnan tulosten jo varmistuttua. Jos siis todistuksesi arvosanat eiv\u00e4t riit\u00e4 valintaan, voit viel\u00e4 tulla valituksi valintakokeen perusteella. Siihen voi osallistua usealla paikkakunnalla.<\/p>\n<p style=\"font-weight: 400;\">Kolmas hakumahdollisuus on <strong>aiempien opintojen<\/strong> perusteella. T\u00e4m\u00e4 haku on auki <strong>vuosittain <\/strong>ja j\u00e4rjestet\u00e4\u00e4n korkeakoulujen yhteishaun yhteydess\u00e4 maaliskuussa. Aiemmilla opinnoilla tarkoitetaan ortodoksisen teologian opintoja <a href=\"https:\/\/opintopolku.fi\/konfo\/fi\/toteutus\/1.2.246.562.17.00000000000000031752\" target=\"_blank\" rel=\"noopener\">It\u00e4-Suomen yliopiston avoimessa yliopistossa<\/a>. Kev\u00e4\u00e4n 2026 yhteishaussa on tarjolla kaksi hakuryhm\u00e4\u00e4. Ensimm\u00e4isess\u00e4 voi hakea, jos on suorittanut <strong>1.8.2025 alkavan lukuvuoden aikana yhteens\u00e4 10 opintopistett\u00e4<\/strong> ortodoksisen teologian perusopintoja. Toisessa ryhm\u00e4ss\u00e4 voi hakea, jos on suorittanut <strong>ortodoksisen teologian perusopintojen kokonaisuuden (25 opintopistett\u00e4)<\/strong> siten, ett\u00e4 suoritusten kokonaisuusmerkint\u00e4 on annettu aikaisintaan 1.8.2023, eik\u00e4 mik\u00e4\u00e4n kokonaisuuden opinto saa olla suoritettuna aikaisemmin kuin 1.8.2021.<\/p>\n<p>Kirkkomusiikin opintoihin hakevat suorittavat musiikillista l\u00e4ht\u00f6tasoa arvioivan <strong>musiikkikokeen<\/strong><strong>, joka j\u00e4rjestet\u00e4\u00e4n 4.5.2026<\/strong><strong>.<\/strong><\/p>\n<h3>Kielitaito<\/h3>\n<p>Teologian opintojen opiskelu- ja tutkintokieli on suomi. Mik\u00e4li sinulla ei ole <strong>suomen kielitaidon osoittavaa<\/strong> aiempaa tutkintoa, sinun on ennen hakuajan p\u00e4\u00e4ttymist\u00e4 osoitettava kielitaitosi. Tutustu <a href=\"https:\/\/www.uef.fi\/fi\/hakeminen\" target=\"_blank\" rel=\"noopener\">kielitaidon osoittamisen ohjeisiin<\/a> hyviss\u00e4 ajoin ennen haun alkamista, sill\u00e4 esimerkiksi yleisiin kielitutkintoihin (YKI) on ilmoittauduttava kuukausia etuk\u00e4teen.<\/p>\n<h3>Maisterihaku<\/h3>\n<p>Mik\u00e4li sinulla on jo muulta alalta hankittu alempi tai ylempi korkeakoulututkinto tai ulkomainen korkeakoulututkinto, on mahdollista hakea<strong> suoraan ortodoksisten teologian maisterin<\/strong> <strong>opintoihin<\/strong>. Hakukohteina ovat teologian ja kirkkomusiikin suuntautumisvaihtoehdot. Hakukelpoisuuteen edellytet\u00e4\u00e4n teologin suuntautumisvaihtoehdossa aiemman alemman tai ylemm\u00e4n korkeakoulututkinnon (huom. ei ammattikorkeakoulututkinnon) lis\u00e4ksi ortodoksisen teologian opintoja (esimerkiksi avoimessa yliopistossa suoritettuina). Kirkkomusiikin suuntautumisvaihtoehdossa hakukelpoisuuden muodostavat alempi tai ylempi korkeakoulututkinto tai musiikin alan ammattikorkeakoulututkinto, aiemmin suoritetut teologian perusopinnot sek\u00e4 musiikillisen osaamisen todistavia aiempia opintoja. Tutustu valintaperusteisiin <a href=\"https:\/\/opintopolku.fi\/konfo\/fi\/koulutus\/1.2.246.562.13.00000000000000001921\" target=\"_blank\" rel=\"noopener\">teologin<\/a> ja <a href=\"https:\/\/opintopolku.fi\/konfo\/fi\/toteutus\/1.2.246.562.17.00000000000000027936\" target=\"_blank\" rel=\"noopener\">kirkkomusiikin<\/a> hakukohteissa (hakuaikataulu p\u00e4ivittyy syksyn aikana).<\/p>\n<p>Tarkemmat tiedot kaikista valintaperusteista, todistusvalinnassa painotetuista arvosanoista ja hakuprosessista l\u00f6ytyv\u00e4t <a href=\"https:\/\/opintopolku.fi\/konfo\/fi\/\" target=\"_blank\" rel=\"noopener\">Opintopolku<\/a>-palvelusta. Hae hakusanoilla &#8221;ortodoksinen teologia&#8221; (kandidaatti ja\/tai maisteri) &#8221;kirkkomusiikki&#8221; (teologian kandidaatti ja\/tai maisteri)!<\/p>\n<div>\n<ol>\n<li style=\"list-style-type: none;\">\n<ol>\n<li style=\"list-style-type: none;\"><!--more--><br \/>\n<h4>Lis\u00e4tietoa hakemisesta:<\/h4>\n<p><a href=\"https:\/\/www.uef.fi\/fi\/opiskelu\" target=\"_blank\" rel=\"noopener\">Opiskelu It\u00e4-Suomen yliopistossa<\/a><\/li>\n<\/ol>\n<\/li>\n<\/ol>\n<\/div>\n<\/div>\n","protected":false},"excerpt":{"rendered":"<p>Miten haet opiskelemaan? Kolme hakutapaa P\u00e4\u00e4haku ortodoksisen teologian opintoihin (kandidaatin ja maisterin opinnot) j\u00e4rjestet\u00e4\u00e4n korkeakoulujen toisessa yhteishaussa parittomina vuosina, seuraavan kerran kev\u00e4\u00e4ll\u00e4 2027. Hakeminen tapahtuu ylioppilastodistuksen, valintakokeen tai aiempien opintojen pohjalta. Parillisina vuosina, eli seuraavan kerran 10.3.\u201324.3.2026, haku on auki vain aiempien opintojen perusteella ja on tarjolla vain teologin ja kirkkomusiikin suuntautumisvaihtoehdoissa. Suomalaisen ylioppilastutkinnon tai&hellip;<\/p>\n","protected":false},"author":1,"featured_media":208,"parent":0,"menu_order":0,"comment_status":"closed","ping_status":"closed","template":"","meta":{"inline_featured_image":false,"_monsterinsights_skip_tracking":false,"_monsterinsights_sitenote_active":false,"_monsterinsights_sitenote_note":"","_monsterinsights_sitenote_category":0,"footnotes":""},"class_list":["post-6","page","type-page","status-publish","has-post-thumbnail","hentry"],"_links":{"self":[{"href":"https:\/\/teologiaaopiskelemaan.fi\/index.php\/wp-json\/wp\/v2\/pages\/6","targetHints":{"allow":["GET"]}}],"collection":[{"href":"https:\/\/teologiaaopiskelemaan.fi\/index.php\/wp-json\/wp\/v2\/pages"}],"about":[{"href":"https:\/\/teologiaaopiskelemaan.fi\/index.php\/wp-json\/wp\/v2\/types\/page"}],"author":[{"embeddable":true,"href":"https:\/\/teologiaaopiskelemaan.fi\/index.php\/wp-json\/wp\/v2\/users\/1"}],"replies":[{"embeddable":true,"href":"https:\/\/teologiaaopiskelemaan.fi\/index.php\/wp-json\/wp\/v2\/comments?post=6"}],"version-history":[{"count":77,"href":"https:\/\/teologiaaopiskelemaan.fi\/index.php\/wp-json\/wp\/v2\/pages\/6\/revisions"}],"predecessor-version":[{"id":851,"href":"https:\/\/teologiaaopiskelemaan.fi\/index.php\/wp-json\/wp\/v2\/pages\/6\/revisions\/851"}],"wp:featuredmedia":[{"embeddable":true,"href":"https:\/\/teologiaaopiskelemaan.fi\/index.php\/wp-json\/wp\/v2\/media\/208"}],"wp:attachment":[{"href":"https:\/\/teologiaaopiskelemaan.fi\/index.php\/wp-json\/wp\/v2\/media?parent=6"}],"curies":[{"name":"wp","href":"https:\/\/api.w.org\/{rel}","templated":true}]}}