{"id":33,"date":"2015-11-20T17:29:45","date_gmt":"2015-11-20T17:29:45","guid":{"rendered":"http:\/\/localhost\/onl\/?page_id=33"},"modified":"2022-11-29T09:31:59","modified_gmt":"2022-11-29T07:31:59","slug":"suuntautuminen","status":"publish","type":"page","link":"https:\/\/teologiaaopiskelemaan.fi\/index.php\/suuntautuminen\/","title":{"rendered":"Suuntautumisvaihtoehdot"},"content":{"rendered":"<p>Ortodoksisen teologian koulutusohjelmassa on kolme suuntautumisvaihtoehtoa. Valitsemastaan suuntautumisvaihtoehdosta riippuen opiskelijat voivat ty\u00f6skennell\u00e4 esimerkiksi pappeina, kanttoreina ja uskonnon opettajina. Tutkinto antaa valmiuksia my\u00f6s muihin yhteiskunnallisiin tai kulttuurisiin teht\u00e4viin. Kandidaatin ja maisterin tutkinnon suorittaminen kest\u00e4\u00e4 noin viisi vuotta.<\/p>\n<p><a href=\"https:\/\/teologiaaopiskelemaan.fi\/index.php\/koulutusohjelmat\/teologi\/\" target=\"_blank\" rel=\"noopener\"><i class=\"fa fa-chevron-right\"><\/i> A. Teologi<\/a><br \/>\n<a href=\"https:\/\/teologiaaopiskelemaan.fi\/index.php\/koulutusohjelmat\/opetusala\/\" target=\"_blank\" rel=\"noopener\"><i class=\"fa fa-chevron-right\"><\/i> B. Opetusala<\/a><br \/>\n<a href=\"https:\/\/teologiaaopiskelemaan.fi\/index.php\/koulutusohjelmat\/kirkkomusiikin-linja\/\" target=\"_blank\" rel=\"noopener\"><i class=\"fa fa-chevron-right\"><\/i> C. Kirkkomusiikki<\/a><\/p>\n<hr \/>\n<p><a class=\"padding\" href=\"\/index.php\/hakuohjeet\/\"><i class=\"fa fa-chevron-right\"><\/i> Hakuohjeet<\/a><\/p>\n","protected":false},"excerpt":{"rendered":"<p>Ortodoksisen teologian koulutusohjelmassa on kolme suuntautumisvaihtoehtoa. Valitsemastaan suuntautumisvaihtoehdosta riippuen opiskelijat voivat ty\u00f6skennell\u00e4 esimerkiksi pappeina, kanttoreina ja uskonnon opettajina. Tutkinto antaa valmiuksia my\u00f6s muihin yhteiskunnallisiin tai kulttuurisiin teht\u00e4viin. Kandidaatin ja maisterin tutkinnon suorittaminen kest\u00e4\u00e4 noin viisi vuotta. A. Teologi B. Opetusala C. Kirkkomusiikki Hakuohjeet<\/p>\n","protected":false},"author":1,"featured_media":0,"parent":0,"menu_order":0,"comment_status":"closed","ping_status":"closed","template":"","meta":{"inline_featured_image":false,"_monsterinsights_skip_tracking":false,"_monsterinsights_sitenote_active":false,"_monsterinsights_sitenote_note":"","_monsterinsights_sitenote_category":0,"footnotes":""},"class_list":["post-33","page","type-page","status-publish","hentry"],"_links":{"self":[{"href":"https:\/\/teologiaaopiskelemaan.fi\/index.php\/wp-json\/wp\/v2\/pages\/33","targetHints":{"allow":["GET"]}}],"collection":[{"href":"https:\/\/teologiaaopiskelemaan.fi\/index.php\/wp-json\/wp\/v2\/pages"}],"about":[{"href":"https:\/\/teologiaaopiskelemaan.fi\/index.php\/wp-json\/wp\/v2\/types\/page"}],"author":[{"embeddable":true,"href":"https:\/\/teologiaaopiskelemaan.fi\/index.php\/wp-json\/wp\/v2\/users\/1"}],"replies":[{"embeddable":true,"href":"https:\/\/teologiaaopiskelemaan.fi\/index.php\/wp-json\/wp\/v2\/comments?post=33"}],"version-history":[{"count":54,"href":"https:\/\/teologiaaopiskelemaan.fi\/index.php\/wp-json\/wp\/v2\/pages\/33\/revisions"}],"predecessor-version":[{"id":653,"href":"https:\/\/teologiaaopiskelemaan.fi\/index.php\/wp-json\/wp\/v2\/pages\/33\/revisions\/653"}],"wp:attachment":[{"href":"https:\/\/teologiaaopiskelemaan.fi\/index.php\/wp-json\/wp\/v2\/media?parent=33"}],"curies":[{"name":"wp","href":"https:\/\/api.w.org\/{rel}","templated":true}]}}