{"id":29,"date":"2015-11-10T12:58:02","date_gmt":"2015-11-10T12:58:02","guid":{"rendered":"http:\/\/localhost\/onl\/?page_id=29"},"modified":"2022-11-25T00:44:11","modified_gmt":"2022-11-24T22:44:11","slug":"kirkkomusiikin-linja","status":"publish","type":"page","link":"https:\/\/teologiaaopiskelemaan.fi\/index.php\/suuntautuminen\/kirkkomusiikin-linja\/","title":{"rendered":"C. Kirkkomusiikki"},"content":{"rendered":"<p>Kirkkomusiikin suuntautumisvaihtoehdossa perehdyt\u00e4\u00e4n ortodoksisen kirkon teologiaan niin akateemisen tutkimuksen kuin kirkollisen k\u00e4yt\u00e4nn\u00f6nkin n\u00e4k\u00f6kulmasta. Lis\u00e4ksi opintoihin sis\u00e4ltyy monipuolinen s\u00e4veltaiteellinen koulutus: kuoronjohtoa, yksinlaulua, pianonsoittoa ja musiikinteoreettisia aineita. Maisterin tutkintoon sis\u00e4ltyv\u00e4n pro gradu -tutkielman voi kirkkomusiikissa suorittaa my\u00f6s tieteellistaiteellisena produktiona.<\/p>\n<p>Kirkkomusiikin suuntautumisvaihtoehdossa suoritettu maisterin tutkinto antaa kelpoisuuden ortodoksisen kirkon ty\u00f6suhteisen kanttorin teht\u00e4viin. Lis\u00e4ksi koulutus avaa erilaisia urapolkuja ortodoksisen teologian ja musiikin erityisosaamista vaativissa teht\u00e4viss\u00e4.<\/p>\n<p>Opintoihin kuuluvissa soveltavissa opinnoissa suoritetaan liturgiset harjoitukset Ortodoksisen seminaarin jumalanpalveluksissa. Lis\u00e4ksi suoritetaan kirkolliset soveltavat opinnot seurakuntaharjoitteluna tutustuen kanttorin teht\u00e4viin.<\/p>\n<div id=\"testimonial_rotator_wrap_81\" class=\"testimonial_rotator_wrap with-prevnext \">\n\t<div id=\"testimonial_rotator_81\" class=\"testimonial_rotator hreview-aggregate cycletwo-slideshow format-rotator template-default\" data-cycletwo-timeout=\"7000\" data-cycletwo-speed=\"1000\" data-cycletwo-pause-on-hover=\"true\"  data-cycletwo-center-horz=\"true\" data-cycletwo-center-vert=\"true\"  data-cycletwo-swipe=\"true\" data-cycletwo-fx=\"scrollHorz\" data-cycletwo-auto-height=\"calc\"  data-cycletwo-next=\"#testimonial_rotator_wrap_81 .testimonial_rotator_next\" data-cycletwo-prev=\"#testimonial_rotator_wrap_81 .testimonial_rotator_prev\" data-cycletwo-slides=\"> div.slide\" data-cycletwo-log=\"false\" >\n<div class=\"slide slide1 testimonial_rotator_slide hreview itemreviewed item has-image cf-tr\">\n<div class=\"testimonial_rotator_img img\"><img loading=\"lazy\" decoding=\"async\" width=\"150\" height=\"150\" src=\"https:\/\/teologiaaopiskelemaan.fi\/onl\/wp-content\/uploads\/2015\/12\/larissa-150x150.jpg\" class=\"attachment-thumbnail size-thumbnail wp-post-image\" alt=\"\" \/><\/div>\n<div class=\"text testimonial_rotator_description\">\n<h2 class=\"testimonial_rotator_slide_title\">Larissa Qvintus<\/h2>\n<div class=\"testimonial_rotator_quote\">\nYlioppilastutkinnon suoritettuani kirjasin p\u00e4iv\u00e4kirjaan erilaisia urapolkuja. 19-vuotiaan tekem\u00e4ll\u00e4 listalla oli monia oppilaitosvaihtoehtoja, joista yhdess\u00e4 olin jo aloittanutkin. Listan viimeisell\u00e4 rivill\u00e4... <a class=\"read-more\" href=\"https:\/\/teologiaaopiskelemaan.fi\/index.php\/testimonials\/larissa\/\">Lue lis\u00e4\u00e4...<\/a><\/div>\n<div class=\"testimonial_rotator_author_info cf-tr\">\n<p><a href=\"\/index.php\/koulutusohjelmat\/kirkkomusiikin-linja\/\">Kirkkomusiikki<\/a><\/p>\n<\/div>\n<\/div>\n<\/div>\n<div class=\"slide slide2 testimonial_rotator_slide hreview itemreviewed item has-image cf-tr\">\n<div class=\"testimonial_rotator_img img\"><img loading=\"lazy\" decoding=\"async\" width=\"200\" height=\"200\" src=\"https:\/\/teologiaaopiskelemaan.fi\/onl\/wp-content\/uploads\/2015\/12\/heikki-e1450699578800-200x200.jpg\" class=\"attachment-thumbnail size-thumbnail wp-post-image\" alt=\"\" srcset=\"https:\/\/teologiaaopiskelemaan.fi\/onl\/wp-content\/uploads\/2015\/12\/heikki-e1450699578800-200x200.jpg 200w, https:\/\/teologiaaopiskelemaan.fi\/onl\/wp-content\/uploads\/2015\/12\/heikki-e1450699578800.jpg 239w\" sizes=\"auto, (max-width: 200px) 100vw, 200px\" \/><\/div>\n<div class=\"text testimonial_rotator_description\">\n<h2 class=\"testimonial_rotator_slide_title\">Heikki Hattunen<\/h2>\n<div class=\"testimonial_rotator_quote\">\nAloin k\u00e4yd\u00e4 kirkossa lukioaikanani Lieksassa. Kirkon el\u00e4m\u00e4 alkoi kiinnostaa yh\u00e4 enemm\u00e4n ja lopulta ainoa j\u00e4rkev\u00e4 vaihtoehto oli hakea opiskelemaan teologiaa.... <a class=\"read-more\" href=\"https:\/\/teologiaaopiskelemaan.fi\/index.php\/testimonials\/heikki\/\">Lue lis\u00e4\u00e4...<\/a><\/div>\n<div class=\"testimonial_rotator_author_info cf-tr\">\n<p><a href=\"\/index.php\/koulutusohjelmat\/kirkkomusiikin-linja\/\">Kirkkomusiikki<\/a><\/p>\n<\/div>\n<\/div>\n<\/div>\n<\/div><!-- #testimonial_rotator_81 -->\n<div class=\"testimonial_rotator_nav\">\t<div class=\"testimonial_rotator_prev\"><i class=\"fa fa-chevron-left\"><\/i><\/div>\t<div class=\"testimonial_rotator_next\"><i class=\"fa fa-chevron-right\"><\/i><\/div><\/div>\n<\/div><!-- .testimonial_rotator_wrap -->\n\n\n<hr \/>\n<p><a class=\"padding\" href=\"\/index.php\/hakuohjeet\/\"><i class=\"fa fa-chevron-right\"><\/i> Hakuohjeet<\/a><\/p>\n","protected":false},"excerpt":{"rendered":"<p>Kirkkomusiikin suuntautumisvaihtoehdossa perehdyt\u00e4\u00e4n ortodoksisen kirkon teologiaan niin akateemisen tutkimuksen kuin kirkollisen k\u00e4yt\u00e4nn\u00f6nkin n\u00e4k\u00f6kulmasta. Lis\u00e4ksi opintoihin sis\u00e4ltyy monipuolinen s\u00e4veltaiteellinen koulutus: kuoronjohtoa, yksinlaulua, pianonsoittoa ja musiikinteoreettisia aineita. Maisterin tutkintoon sis\u00e4ltyv\u00e4n pro gradu -tutkielman voi kirkkomusiikissa suorittaa my\u00f6s tieteellistaiteellisena produktiona. Kirkkomusiikin suuntautumisvaihtoehdossa suoritettu maisterin tutkinto antaa kelpoisuuden ortodoksisen kirkon ty\u00f6suhteisen kanttorin teht\u00e4viin. Lis\u00e4ksi koulutus avaa erilaisia urapolkuja ortodoksisen <a href=\"https:\/\/teologiaaopiskelemaan.fi\/index.php\/testimonials\/heikki\/\" class=\"testimonial-rotator-view-more\">View Full &rarr;<\/a><\/p>\n","protected":false},"author":1,"featured_media":0,"parent":33,"menu_order":0,"comment_status":"closed","ping_status":"closed","template":"","meta":{"inline_featured_image":false,"_monsterinsights_skip_tracking":false,"_monsterinsights_sitenote_active":false,"_monsterinsights_sitenote_note":"","_monsterinsights_sitenote_category":0,"footnotes":""},"class_list":["post-29","page","type-page","status-publish","hentry"],"_links":{"self":[{"href":"https:\/\/teologiaaopiskelemaan.fi\/index.php\/wp-json\/wp\/v2\/pages\/29","targetHints":{"allow":["GET"]}}],"collection":[{"href":"https:\/\/teologiaaopiskelemaan.fi\/index.php\/wp-json\/wp\/v2\/pages"}],"about":[{"href":"https:\/\/teologiaaopiskelemaan.fi\/index.php\/wp-json\/wp\/v2\/types\/page"}],"author":[{"embeddable":true,"href":"https:\/\/teologiaaopiskelemaan.fi\/index.php\/wp-json\/wp\/v2\/users\/1"}],"replies":[{"embeddable":true,"href":"https:\/\/teologiaaopiskelemaan.fi\/index.php\/wp-json\/wp\/v2\/comments?post=29"}],"version-history":[{"count":18,"href":"https:\/\/teologiaaopiskelemaan.fi\/index.php\/wp-json\/wp\/v2\/pages\/29\/revisions"}],"predecessor-version":[{"id":595,"href":"https:\/\/teologiaaopiskelemaan.fi\/index.php\/wp-json\/wp\/v2\/pages\/29\/revisions\/595"}],"up":[{"embeddable":true,"href":"https:\/\/teologiaaopiskelemaan.fi\/index.php\/wp-json\/wp\/v2\/pages\/33"}],"wp:attachment":[{"href":"https:\/\/teologiaaopiskelemaan.fi\/index.php\/wp-json\/wp\/v2\/media?parent=29"}],"curies":[{"name":"wp","href":"https:\/\/api.w.org\/{rel}","templated":true}]}}