{"id":25,"date":"2015-11-10T12:39:35","date_gmt":"2015-11-10T12:39:35","guid":{"rendered":"http:\/\/localhost\/onl\/?page_id=25"},"modified":"2025-07-04T12:44:30","modified_gmt":"2025-07-04T10:44:30","slug":"teologi","status":"publish","type":"page","link":"https:\/\/teologiaaopiskelemaan.fi\/index.php\/suuntautuminen\/teologi\/","title":{"rendered":"A. Teologi"},"content":{"rendered":"<p>Teologin suuntautumisvaihtoehdossa perehdyt\u00e4\u00e4n monipuolisesti ortodoksisen kirkon teologiaan niin akateemisen tutkimuksen kuin kirkollisen k\u00e4yt\u00e4nn\u00f6nkin n\u00e4k\u00f6kulmasta.<\/p>\n<p>Teologin suuntautumisvaihtoehdossa suoritettu maisterin tutkinto antaa kelpoisuuden ortodoksisen kirkon ty\u00f6suhteisen papin tai diakonin teht\u00e4viin. Lis\u00e4ksi koulutus avaa muita urapolkuja ortodoksisen teologian asiantuntemusta vaativissa teht\u00e4viss\u00e4.<\/p>\n<p>Opinnot jakautuvat teologian kandidaatin ja teologian maisterin tutkintoihin. Teologian kandidaatin tutkinnossa tutustutaan teologian eri aloihin ja niiden tieteellisiin l\u00e4ht\u00f6kohtiin. Opintoja suoritetaan muun muassa eksegetiikasta, kirkkohistoriasta, systemaattisesta teologiasta ja patristiikasta, k\u00e4yt\u00e4nn\u00f6llisest\u00e4 teologiasta, uskontotieteest\u00e4 ja kirkkomusiikista. Teologian maisterin tutkinnossa syvennyt\u00e4\u00e4n yhteen valittuun teologiseen tieteenalaan.<\/p>\n<p>Maisterin opintoihin kuuluvissa soveltavissa opinnoissa harjaannutaan joko teologin yleisiin teht\u00e4viin (moniammatilliset soveltavat opinnot) tai kirkolliseen ty\u00f6h\u00f6n (kirkolliset soveltavat opinnot). Kirkollisiin soveltuviin opintoihin sis\u00e4ltyy liturgisia harjoituksia Ortodoksisen seminaarin jumalanpalveluksissa sek\u00e4 ty\u00f6ss\u00e4harjoittelujakso seurakunnassa.<\/p>\n<div id=\"testimonial_rotator_wrap_79\" class=\"testimonial_rotator_wrap with-prevnext \">\n\t<div id=\"testimonial_rotator_79\" class=\"testimonial_rotator hreview-aggregate cycletwo-slideshow format-rotator template-default\" data-cycletwo-timeout=\"7000\" data-cycletwo-speed=\"1000\" data-cycletwo-pause-on-hover=\"true\"  data-cycletwo-center-horz=\"true\" data-cycletwo-center-vert=\"true\"  data-cycletwo-swipe=\"true\" data-cycletwo-fx=\"scrollHorz\" data-cycletwo-auto-height=\"calc\"  data-cycletwo-next=\"#testimonial_rotator_wrap_79 .testimonial_rotator_next\" data-cycletwo-prev=\"#testimonial_rotator_wrap_79 .testimonial_rotator_prev\" data-cycletwo-slides=\"> div.slide\" data-cycletwo-log=\"false\" >\n<div class=\"slide slide1 testimonial_rotator_slide hreview itemreviewed item has-image cf-tr\">\n<div class=\"testimonial_rotator_img img\"><img loading=\"lazy\" decoding=\"async\" width=\"150\" height=\"150\" src=\"https:\/\/teologiaaopiskelemaan.fi\/onl\/wp-content\/uploads\/2015\/12\/ituomas-150x150.jpg\" class=\"attachment-thumbnail size-thumbnail wp-post-image\" alt=\"\" \/><\/div>\n<div class=\"text testimonial_rotator_description\">\n<h2 class=\"testimonial_rotator_slide_title\">Tuomas Kallonen<\/h2>\n<div class=\"testimonial_rotator_quote\">\nHakeuduin lukion j\u00e4lkeen opiskelemaan filosofiaa, koska en halunnut valmistaa enk\u00e4 myyd\u00e4 ty\u00f6kseni mit\u00e4\u00e4n turhanp\u00e4iv\u00e4ist\u00e4. Ajattelin, ett\u00e4 filosofina voisin ainakin minimoida... <a class=\"read-more\" href=\"https:\/\/teologiaaopiskelemaan.fi\/index.php\/testimonials\/tuomas\/\">Lue lis\u00e4\u00e4...<\/a><\/div>\n<div class=\"testimonial_rotator_author_info cf-tr\">\n<p><a href=\"\/index.php\/koulutusohjelmat\/kirkon-ja-kulttuurin-linja\/\">Teologi<\/a><\/p>\n<\/div>\n<\/div>\n<\/div>\n<div class=\"slide slide2 testimonial_rotator_slide hreview itemreviewed item has-image cf-tr\">\n<div class=\"testimonial_rotator_img img\"><img loading=\"lazy\" decoding=\"async\" width=\"150\" height=\"150\" src=\"https:\/\/teologiaaopiskelemaan.fi\/onl\/wp-content\/uploads\/2015\/12\/tapio-150x150.jpg\" class=\"attachment-thumbnail size-thumbnail wp-post-image\" alt=\"\" \/><\/div>\n<div class=\"text testimonial_rotator_description\">\n<h2 class=\"testimonial_rotator_slide_title\">Tapio Juntunen<\/h2>\n<div class=\"testimonial_rotator_quote\">\nTeologia alkoi kiinnostaa minua aikuisi\u00e4n kynnyksell\u00e4 alettuani pohtia hengelliseen el\u00e4m\u00e4\u00e4n liittyvi\u00e4 kysymyksi\u00e4. Aloitin teologian opinnot Helsingin yliopistossa, mutta tieni johti... <a class=\"read-more\" href=\"https:\/\/teologiaaopiskelemaan.fi\/index.php\/testimonials\/tapio\/\">Lue lis\u00e4\u00e4...<\/a><\/div>\n<div class=\"testimonial_rotator_author_info cf-tr\">\n<p><a href=\"https:\/\/teologiaaopiskelemaan.fi\/index.php\/koulutusohjelmat\/teologi\/\">Teologi<\/a><\/p>\n<\/div>\n<\/div>\n<\/div>\n<\/div><!-- #testimonial_rotator_79 -->\n<div class=\"testimonial_rotator_nav\">\t<div class=\"testimonial_rotator_prev\"><i class=\"fa fa-chevron-left\"><\/i><\/div>\t<div class=\"testimonial_rotator_next\"><i class=\"fa fa-chevron-right\"><\/i><\/div><\/div>\n<\/div><!-- .testimonial_rotator_wrap -->\n\n\n<hr \/>\n<p><a class=\"padding\" href=\"\/index.php\/hakuohjeet\/\"><i class=\"fa fa-chevron-right\"><\/i> Hakuohjeet<\/a><\/p>\n","protected":false},"excerpt":{"rendered":"<p>Teologin suuntautumisvaihtoehdossa perehdyt\u00e4\u00e4n monipuolisesti ortodoksisen kirkon teologiaan niin akateemisen tutkimuksen kuin kirkollisen k\u00e4yt\u00e4nn\u00f6nkin n\u00e4k\u00f6kulmasta. Teologin suuntautumisvaihtoehdossa suoritettu maisterin tutkinto antaa kelpoisuuden ortodoksisen kirkon ty\u00f6suhteisen papin tai diakonin teht\u00e4viin. Lis\u00e4ksi koulutus avaa muita urapolkuja ortodoksisen teologian asiantuntemusta vaativissa teht\u00e4viss\u00e4. Opinnot jakautuvat teologian kandidaatin ja teologian maisterin tutkintoihin. Teologian kandidaatin tutkinnossa tutustutaan teologian eri aloihin ja niiden <a href=\"https:\/\/teologiaaopiskelemaan.fi\/index.php\/testimonials\/tapio\/\" class=\"testimonial-rotator-view-more\">View Full &rarr;<\/a><\/p>\n","protected":false},"author":1,"featured_media":0,"parent":33,"menu_order":0,"comment_status":"closed","ping_status":"closed","template":"","meta":{"inline_featured_image":false,"_monsterinsights_skip_tracking":false,"_monsterinsights_sitenote_active":false,"_monsterinsights_sitenote_note":"","_monsterinsights_sitenote_category":0,"footnotes":""},"class_list":["post-25","page","type-page","status-publish","hentry"],"_links":{"self":[{"href":"https:\/\/teologiaaopiskelemaan.fi\/index.php\/wp-json\/wp\/v2\/pages\/25","targetHints":{"allow":["GET"]}}],"collection":[{"href":"https:\/\/teologiaaopiskelemaan.fi\/index.php\/wp-json\/wp\/v2\/pages"}],"about":[{"href":"https:\/\/teologiaaopiskelemaan.fi\/index.php\/wp-json\/wp\/v2\/types\/page"}],"author":[{"embeddable":true,"href":"https:\/\/teologiaaopiskelemaan.fi\/index.php\/wp-json\/wp\/v2\/users\/1"}],"replies":[{"embeddable":true,"href":"https:\/\/teologiaaopiskelemaan.fi\/index.php\/wp-json\/wp\/v2\/comments?post=25"}],"version-history":[{"count":26,"href":"https:\/\/teologiaaopiskelemaan.fi\/index.php\/wp-json\/wp\/v2\/pages\/25\/revisions"}],"predecessor-version":[{"id":825,"href":"https:\/\/teologiaaopiskelemaan.fi\/index.php\/wp-json\/wp\/v2\/pages\/25\/revisions\/825"}],"up":[{"embeddable":true,"href":"https:\/\/teologiaaopiskelemaan.fi\/index.php\/wp-json\/wp\/v2\/pages\/33"}],"wp:attachment":[{"href":"https:\/\/teologiaaopiskelemaan.fi\/index.php\/wp-json\/wp\/v2\/media?parent=25"}],"curies":[{"name":"wp","href":"https:\/\/api.w.org\/{rel}","templated":true}]}}