{"id":2,"date":"2015-11-09T18:14:15","date_gmt":"2015-11-09T18:14:15","guid":{"rendered":"http:\/\/localhost\/onl\/?page_id=2"},"modified":"2025-07-04T12:45:52","modified_gmt":"2025-07-04T10:45:52","slug":"sample-page","status":"publish","type":"page","link":"https:\/\/teologiaaopiskelemaan.fi\/","title":{"rendered":"Tule opiskelemaan ortodoksista <br>teologiaa It\u00e4-Suomen yliopistoon!"},"content":{"rendered":"<p style=\"font-weight: 400;\">It\u00e4-Suomen yliopisto on ainoa ortodoksisen teologian koulutusta tarjoava yliopisto Suomessa. Haku ortodoksisen teologian opintoihin tapahtuu kev\u00e4isin korkeakoulujen yhteishaussa. Valittavana on kolme opiskelualaa: teologin, opetusalan ja kirkkomusiikin suuntautumisvaihtoehdot. Tutkintotaustan mukaan on mahdollista hakea kandidaatin ja maisterin viisivuotiseen koulutukseen tai suoraan kaksivuotiseen maisterikoulutukseen. Teologian koulutus antaa valmiuksia toimia teologista asiantuntemusta vaativissa teht\u00e4viss\u00e4 esimerkiksi ortodoksisen \u00a0kirkon pappina tai kanttorina, opettajana, tutkijana tai j\u00e4rjest\u00f6teht\u00e4viss\u00e4.<\/p>\n<blockquote><p>&nbsp;<\/p><\/blockquote>\n<div class=\"block\">\n<div class=\"blocktext\"><a href=\"\/index.php\/koulutusohjelmat\/teologi\/\">Teologi<\/a><\/div>\n<\/div>\n<div class=\"block\">\n<div class=\"blocktext\"><a href=\"\/index.php\/koulutusohjelmat\/opetusala\/\">Opetusala<\/a><\/div>\n<\/div>\n<div class=\"block\">\n<div class=\"blocktext\"><a href=\"\/index.php\/koulutusohjelmat\/kirkkomusiikin-linja\/\">Kirkkomusiikki<\/a><\/div>\n<\/div>\n<div class=\"block\">\n<div class=\"blocktext\"><a href=\"\/index.php\/hakuohjeet\/\">Hakuohjeet<\/a><\/div>\n<\/div>\n<p>&nbsp;<\/p>\n<div><\/div>\n<div class=\"centerbox\">Teologian opintoihin haetaan korkeakoulujen yhteishaussa kev\u00e4isin.<\/div>\n<div class=\"centerbox\">Haku valintakokeella tai todistusvalinnalla j\u00e4rjestet\u00e4\u00e4n parittomina vuosina, seuraavan kerran <strong>kev\u00e4\u00e4ll\u00e4<\/strong> <strong>2027. <\/strong>Lis\u00e4ksi tarjolla on <strong>vuosittainen hakumahdollisuus<\/strong> <a href=\"https:\/\/www.uef.fi\/fi\/avoimen-yliopiston-vayla-tutkinto-opiskelijaksi-ja-maisterihaut\">aiempien opintojen<\/a> perusteella.<\/div>\n<div class=\"centerbox\">Haku tapahtuu <a href=\"https:\/\/opintopolku.fi\/konfo\/fi\/koulutus\/1.2.246.562.13.00000000000000002977\" target=\"_blank\" rel=\"noopener\">Opintopolku.fi<\/a>-verkkopalvelussa.<\/div>\n<div><\/div>\n<div><\/div>\n","protected":false},"excerpt":{"rendered":"<p>It\u00e4-Suomen yliopisto on ainoa ortodoksisen teologian koulutusta tarjoava yliopisto Suomessa. Haku ortodoksisen teologian opintoihin tapahtuu kev\u00e4isin korkeakoulujen yhteishaussa. Valittavana on kolme opiskelualaa: teologin, opetusalan ja kirkkomusiikin suuntautumisvaihtoehdot. Tutkintotaustan mukaan on mahdollista hakea kandidaatin ja maisterin viisivuotiseen koulutukseen tai suoraan kaksivuotiseen maisterikoulutukseen. Teologian koulutus antaa valmiuksia toimia teologista asiantuntemusta vaativissa teht\u00e4viss\u00e4 esimerkiksi ortodoksisen \u00a0kirkon pappina tai&hellip;<\/p>\n","protected":false},"author":1,"featured_media":0,"parent":0,"menu_order":0,"comment_status":"closed","ping_status":"closed","template":"","meta":{"inline_featured_image":false,"_monsterinsights_skip_tracking":false,"_monsterinsights_sitenote_active":false,"_monsterinsights_sitenote_note":"","_monsterinsights_sitenote_category":0,"footnotes":""},"class_list":["post-2","page","type-page","status-publish","hentry"],"_links":{"self":[{"href":"https:\/\/teologiaaopiskelemaan.fi\/index.php\/wp-json\/wp\/v2\/pages\/2","targetHints":{"allow":["GET"]}}],"collection":[{"href":"https:\/\/teologiaaopiskelemaan.fi\/index.php\/wp-json\/wp\/v2\/pages"}],"about":[{"href":"https:\/\/teologiaaopiskelemaan.fi\/index.php\/wp-json\/wp\/v2\/types\/page"}],"author":[{"embeddable":true,"href":"https:\/\/teologiaaopiskelemaan.fi\/index.php\/wp-json\/wp\/v2\/users\/1"}],"replies":[{"embeddable":true,"href":"https:\/\/teologiaaopiskelemaan.fi\/index.php\/wp-json\/wp\/v2\/comments?post=2"}],"version-history":[{"count":139,"href":"https:\/\/teologiaaopiskelemaan.fi\/index.php\/wp-json\/wp\/v2\/pages\/2\/revisions"}],"predecessor-version":[{"id":827,"href":"https:\/\/teologiaaopiskelemaan.fi\/index.php\/wp-json\/wp\/v2\/pages\/2\/revisions\/827"}],"wp:attachment":[{"href":"https:\/\/teologiaaopiskelemaan.fi\/index.php\/wp-json\/wp\/v2\/media?parent=2"}],"curies":[{"name":"wp","href":"https:\/\/api.w.org\/{rel}","templated":true}]}}