{"id":18,"date":"2015-11-10T12:32:06","date_gmt":"2015-11-10T12:32:06","guid":{"rendered":"http:\/\/localhost\/onl\/?page_id=18"},"modified":"2022-11-25T22:24:56","modified_gmt":"2022-11-25T20:24:56","slug":"yhteystiedot","status":"publish","type":"page","link":"https:\/\/teologiaaopiskelemaan.fi\/index.php\/yhteystiedot\/","title":{"rendered":"Yhteystiedot"},"content":{"rendered":"<p><img decoding=\"async\" class=\"alignleft size-full wp-image-479\" src=\"https:\/\/teologiaaopiskelemaan.fi\/onl\/wp-content\/uploads\/2016\/01\/kartta.svg\" alt=\"kartta\" \/><\/p>\n<h2>Teologian opiskelu kannattaa aina!<\/h2>\n<p>Hakuun tai opintoihin liittyviss\u00e4 kysymyksiss\u00e4 voit l\u00e4hesty\u00e4 yliopiston hakupalveluita, teologian osaston henkil\u00f6st\u00f6\u00e4 tai ortodoksista seminaaria. Voit my\u00f6s rohkeasti ottaa yhteytt\u00e4 teologian opiskelijoiden ainej\u00e4rjest\u00f6 Pistikseen!<\/p>\n<p><b>Hakupalvelut:<\/b> <a href=\"https:\/\/www.uef.fi\/fi\/hakeminen\" target=\"_blank\" rel=\"noopener\">www.uef.fi\/fi\/hakeminen<\/a><br \/>\n<b>Teologian osasto:<\/b> <a href=\"https:\/\/www.uef.fi\/fi\/yksikko\/teologian-osasto\" target=\"_blank\" rel=\"noopener\">www.uef.fi\/fi\/yksikko\/teologian-osasto<\/a><br \/>\n<b>Hae opiskelemaan ortodoksista teologiaa: <\/b><a href=\"https:\/\/www.facebook.com\/teologiksi\" target=\"_blank\" rel=\"noopener\">https:\/\/www.facebook.com\/teologiksi<\/a><br \/>\n<b>Ortodoksinen seminaari: <\/b><a href=\"http:\/\/www.ort.fi\/seminaari\" target=\"_blank\" rel=\"noopener\">www.ort.fi\/seminaari<\/a>, s\u00e4hk\u00f6posti: <a href=\"mailto:ort.seminaari@ort.fi\" target=\"_blank\" rel=\"noopener\">ort.seminaari@ort.fi<\/a><br \/>\n<b>Pistis ry:<\/b> <a href=\"http:\/\/www.pistisry.fi\">www.pistisry.fi<\/a>, s\u00e4hk\u00f6posti:\u00a0<a href=\"mailto:pistis.ry@gmail.com\" target=\"_blank\" rel=\"noopener\">pistis.ry@gmail.com<\/a><\/p>\n<p>Tervetuloa opiskelemaan ortodoksista teologiaa!<\/p>\n<hr \/>\n<p><a class=\"padding\" href=\"\/index.php\/hakuohjeet\/\"><i class=\"fa fa-chevron-right\"><\/i> Hakuohjeet<\/a><\/p>\n","protected":false},"excerpt":{"rendered":"<p>Teologian opiskelu kannattaa aina! Hakuun tai opintoihin liittyviss\u00e4 kysymyksiss\u00e4 voit l\u00e4hesty\u00e4 yliopiston hakupalveluita, teologian osaston henkil\u00f6st\u00f6\u00e4 tai ortodoksista seminaaria. Voit my\u00f6s rohkeasti ottaa yhteytt\u00e4 teologian opiskelijoiden ainej\u00e4rjest\u00f6 Pistikseen! Hakupalvelut: www.uef.fi\/fi\/hakeminen Teologian osasto: www.uef.fi\/fi\/yksikko\/teologian-osasto Hae opiskelemaan ortodoksista teologiaa: https:\/\/www.facebook.com\/teologiksi Ortodoksinen seminaari: www.ort.fi\/seminaari, s\u00e4hk\u00f6posti: ort.seminaari@ort.fi Pistis ry: www.pistisry.fi, s\u00e4hk\u00f6posti:\u00a0pistis.ry@gmail.com Tervetuloa opiskelemaan ortodoksista teologiaa! Hakuohjeet<\/p>\n","protected":false},"author":1,"featured_media":0,"parent":0,"menu_order":0,"comment_status":"closed","ping_status":"closed","template":"","meta":{"inline_featured_image":false,"_monsterinsights_skip_tracking":false,"_monsterinsights_sitenote_active":false,"_monsterinsights_sitenote_note":"","_monsterinsights_sitenote_category":0,"footnotes":""},"class_list":["post-18","page","type-page","status-publish","hentry"],"_links":{"self":[{"href":"https:\/\/teologiaaopiskelemaan.fi\/index.php\/wp-json\/wp\/v2\/pages\/18","targetHints":{"allow":["GET"]}}],"collection":[{"href":"https:\/\/teologiaaopiskelemaan.fi\/index.php\/wp-json\/wp\/v2\/pages"}],"about":[{"href":"https:\/\/teologiaaopiskelemaan.fi\/index.php\/wp-json\/wp\/v2\/types\/page"}],"author":[{"embeddable":true,"href":"https:\/\/teologiaaopiskelemaan.fi\/index.php\/wp-json\/wp\/v2\/users\/1"}],"replies":[{"embeddable":true,"href":"https:\/\/teologiaaopiskelemaan.fi\/index.php\/wp-json\/wp\/v2\/comments?post=18"}],"version-history":[{"count":30,"href":"https:\/\/teologiaaopiskelemaan.fi\/index.php\/wp-json\/wp\/v2\/pages\/18\/revisions"}],"predecessor-version":[{"id":643,"href":"https:\/\/teologiaaopiskelemaan.fi\/index.php\/wp-json\/wp\/v2\/pages\/18\/revisions\/643"}],"wp:attachment":[{"href":"https:\/\/teologiaaopiskelemaan.fi\/index.php\/wp-json\/wp\/v2\/media?parent=18"}],"curies":[{"name":"wp","href":"https:\/\/api.w.org\/{rel}","templated":true}]}}